{"id":176,"date":"2023-10-08T11:37:10","date_gmt":"2023-10-08T09:37:10","guid":{"rendered":"https:\/\/licornia.ch\/?page_id=176"},"modified":"2023-10-08T11:46:28","modified_gmt":"2023-10-08T09:46:28","slug":"geschichte","status":"publish","type":"page","link":"https:\/\/licornia.ch\/?page_id=176","title":{"rendered":"Geschichte"},"content":{"rendered":"\n<div class=\"wp-block-columns is-layout-flex wp-container-core-columns-is-layout-28f84493 wp-block-columns-is-layout-flex\">\n<div class=\"wp-block-column is-layout-flow wp-block-column-is-layout-flow\">\n<p>Seit dem Jahre 1992 gibt es an der Kantonsschule Frauenfeld neben der Thurgovia und der Concordia die M\u00e4dchenverbindung Licornia mit den Farben blau-weiss-gr\u00fcn.<br>Im Sommer 1991 verbrachten vier Sch\u00fclerinnen ihre Ferien in S\u00fcdfrankreich, genauer gesagt in Port-Grimaud. Dort hatte es ihnen ein gem\u00fctliches Restaurant namens \u201eLa Licorne\u201c besonders angetan, wo ein \u201eMonaco\u201c genanntes Getr\u00e4nk, dessen Zutaten jedoch geheim sind, ihre Phantasien befl\u00fcgelten. Bei den abendlichen Sitzungen in der \u201eLa Licorne\u201c entstand eher aus Jux die Idee, einen Schritt in Richtung Gleichberechtigung zu tun und eine Frauenverbindung zu gr\u00fcnden. Die Freundinnen gaben sich gegenseitig einen Vulgo und legten eine Couragepr\u00fcfung ab, indem sie sich mit all ihren Kleidern in die heftig brechenden Wellen des Meeres st\u00fcrzten. Wieder zu Hause im Schulalltag liess die grosse Begeisterung f\u00fcr die Idee einer M\u00e4dchenverbindung zun\u00e4chst nach. Aber als andere davon erfuhren, ermunterten sie die vier Damen die Gr\u00fcndung ernsthaft zu betreiben. Mit Hilfe der Thurgovia erstellten sie Statuten, die am 28. Februar 1992 vom Konvent der Kantonsschule genehmigt wurden. Auch ein eigener Comment wurde verfasst.<br>Das Back &amp; Brau wurde das erste Stammlokal der Licornia. Zwei Jahre sp\u00e4ter fand die erste Kneipe im eigenen Lokal, dem Wasserh\u00fcsli in Frauenfeld, statt. Das offizielle Einweihungsfest wurde 1995 mit G\u00e4sten befreundeter Verbindungen gefeiert.<br>1996 wurde der Ladyverband gegr\u00fcndet und ein Jahr sp\u00e4ter das 5-j\u00e4hrige Jubil\u00e4um der Licornia im Neubau der Kantonsschule gefeiert. Im Sommer 1999 fand dann der Umzug in den eigenen Keller im P\u00f6stli statt.&nbsp;2017 feierte die Licornia ihr 25-j\u00e4hriges Jubil\u00e4um an der Kantonsschule Frauenfeld und es wurde in den neuen Keller an der Freiestrasse umgezogen.&nbsp;<\/p>\n<\/div>\n\n\n\n<div class=\"wp-block-column is-layout-flow wp-block-column-is-layout-flow\">\n<figure class=\"wp-block-gallery has-nested-images columns-default is-cropped wp-block-gallery-1 is-layout-flex wp-block-gallery-is-layout-flex\">\n<figure class=\"wp-block-image size-full is-style-default\"><img fetchpriority=\"high\" decoding=\"async\" width=\"1024\" height=\"768\" data-id=\"129\" src=\"https:\/\/licornia.ch\/wp-content\/uploads\/2023\/10\/PHOTO-2020-01-18-13-09-46-1.jpg\" alt=\"\" class=\"wp-image-129\" srcset=\"https:\/\/licornia.ch\/wp-content\/uploads\/2023\/10\/PHOTO-2020-01-18-13-09-46-1.jpg 1024w, https:\/\/licornia.ch\/wp-content\/uploads\/2023\/10\/PHOTO-2020-01-18-13-09-46-1-300x225.jpg 300w, https:\/\/licornia.ch\/wp-content\/uploads\/2023\/10\/PHOTO-2020-01-18-13-09-46-1-768x576.jpg 768w, https:\/\/licornia.ch\/wp-content\/uploads\/2023\/10\/PHOTO-2020-01-18-13-09-46-1-600x450.jpg 600w\" sizes=\"(max-width: 1024px) 100vw, 1024px\" \/><\/figure>\n\n\n\n<figure class=\"wp-block-image size-large\"><img decoding=\"async\" width=\"576\" height=\"1024\" data-id=\"122\" src=\"https:\/\/licornia.ch\/wp-content\/uploads\/2023\/10\/PHOTO-2022-08-29-17-34-39-2-576x1024.jpg\" alt=\"\" class=\"wp-image-122\" srcset=\"https:\/\/licornia.ch\/wp-content\/uploads\/2023\/10\/PHOTO-2022-08-29-17-34-39-2-576x1024.jpg 576w, https:\/\/licornia.ch\/wp-content\/uploads\/2023\/10\/PHOTO-2022-08-29-17-34-39-2-169x300.jpg 169w, https:\/\/licornia.ch\/wp-content\/uploads\/2023\/10\/PHOTO-2022-08-29-17-34-39-2-768x1365.jpg 768w, https:\/\/licornia.ch\/wp-content\/uploads\/2023\/10\/PHOTO-2022-08-29-17-34-39-2-864x1536.jpg 864w, https:\/\/licornia.ch\/wp-content\/uploads\/2023\/10\/PHOTO-2022-08-29-17-34-39-2-600x1067.jpg 600w, https:\/\/licornia.ch\/wp-content\/uploads\/2023\/10\/PHOTO-2022-08-29-17-34-39-2.jpg 1152w\" sizes=\"(max-width: 576px) 100vw, 576px\" \/><\/figure>\n\n\n\n<figure class=\"wp-block-image size-large\"><img decoding=\"async\" width=\"768\" height=\"1024\" data-id=\"118\" src=\"https:\/\/licornia.ch\/wp-content\/uploads\/2023\/10\/PHOTO-2022-08-29-17-34-37-768x1024.jpg\" alt=\"\" class=\"wp-image-118\" srcset=\"https:\/\/licornia.ch\/wp-content\/uploads\/2023\/10\/PHOTO-2022-08-29-17-34-37-768x1024.jpg 768w, https:\/\/licornia.ch\/wp-content\/uploads\/2023\/10\/PHOTO-2022-08-29-17-34-37-225x300.jpg 225w, https:\/\/licornia.ch\/wp-content\/uploads\/2023\/10\/PHOTO-2022-08-29-17-34-37-1152x1536.jpg 1152w, https:\/\/licornia.ch\/wp-content\/uploads\/2023\/10\/PHOTO-2022-08-29-17-34-37-600x800.jpg 600w, https:\/\/licornia.ch\/wp-content\/uploads\/2023\/10\/PHOTO-2022-08-29-17-34-37-1200x1600.jpg 1200w, https:\/\/licornia.ch\/wp-content\/uploads\/2023\/10\/PHOTO-2022-08-29-17-34-37.jpg 1536w\" sizes=\"(max-width: 768px) 100vw, 768px\" \/><\/figure>\n\n\n\n<figure class=\"wp-block-image size-large\"><img loading=\"lazy\" decoding=\"async\" width=\"1024\" height=\"485\" data-id=\"120\" src=\"https:\/\/licornia.ch\/wp-content\/uploads\/2023\/10\/PHOTO-2019-10-26-00-57-15-1024x485.jpg\" alt=\"\" class=\"wp-image-120\" srcset=\"https:\/\/licornia.ch\/wp-content\/uploads\/2023\/10\/PHOTO-2019-10-26-00-57-15-1024x485.jpg 1024w, https:\/\/licornia.ch\/wp-content\/uploads\/2023\/10\/PHOTO-2019-10-26-00-57-15-300x142.jpg 300w, https:\/\/licornia.ch\/wp-content\/uploads\/2023\/10\/PHOTO-2019-10-26-00-57-15-768x363.jpg 768w, https:\/\/licornia.ch\/wp-content\/uploads\/2023\/10\/PHOTO-2019-10-26-00-57-15-1536x727.jpg 1536w, https:\/\/licornia.ch\/wp-content\/uploads\/2023\/10\/PHOTO-2019-10-26-00-57-15-2000x946.jpg 2000w, https:\/\/licornia.ch\/wp-content\/uploads\/2023\/10\/PHOTO-2019-10-26-00-57-15-600x284.jpg 600w, https:\/\/licornia.ch\/wp-content\/uploads\/2023\/10\/PHOTO-2019-10-26-00-57-15-1200x568.jpg 1200w, https:\/\/licornia.ch\/wp-content\/uploads\/2023\/10\/PHOTO-2019-10-26-00-57-15.jpg 2016w\" sizes=\"(max-width: 1024px) 100vw, 1024px\" \/><\/figure>\n<\/figure>\n<\/div>\n<\/div>\n\n\n\n<h2 class=\"wp-block-heading\">LICORNIANISCHES ABC<\/h2>\n\n\n\n<p><strong>Aktivitas:<\/strong>&nbsp;Sch\u00fclerinnen der Kantonsschule Frauenfeld, die Mitglied der Licornia sind<br><strong>CM:<\/strong>&nbsp;Cantusmagistra, Sopran der Licornia<br><strong>Comment:<\/strong>&nbsp;Regeln, an die sich jede Licornianerin zu halten hat<br><strong>Concordia:<\/strong>&nbsp;Turnende Burschenverbindung, in der Altstadt kneipend<br><strong>Corona:<\/strong>&nbsp;Alle um den \u201eBiertisch\u201c versammelten Individuen<br><strong>Couleur:<\/strong>&nbsp;M\u00fctze der Studentinnen und Studenten<br><strong>Couragepr\u00fcfung:<\/strong>&nbsp;Mut-Pr\u00fcfung, m\u00fcssen alle Neueintretenden ablegen<br><strong>CP:<\/strong>&nbsp;Contrapr\u00e4sidium, unterst\u00fctzt das Pr\u00e4sidium, Abk. \u201eXX\u201c<br><strong>Devise:<\/strong>&nbsp;Alea iacta est! (= Die W\u00fcrfel sind gefallen)<br><strong>Farben(band):<\/strong>&nbsp;Blau-weiss-gr\u00fcnes (Fuxen: blau-weisses) Stoffband, das die Vereinszugeh\u00f6rigkeit anzeigt.<br><strong>Fuxe:<\/strong>&nbsp;Lernbegieriges Mitglied im 1. und 2. Semester. Die Fuxen helfen den M\u00e4dchen bei verschiedenen Aufgaben.<br><strong>FM:<\/strong>&nbsp;Fuxmajorat, verantwortlich f\u00fcr die Ausbildung und Erziehung der Fuxen<br><strong>Horn:<\/strong>&nbsp;Junge, den du an die H\u00f6rnerschl\u00e4pp\u00e4t\u00e4 mitnimmst<br><strong>Inaktiv:<\/strong>&nbsp;Stadium zwischen M\u00e4dchen und Lady, sowie provisorischer Status in der Schule<br><strong>Kanten:&nbsp;<\/strong>&nbsp;Alte Studentenlieder, die an der Kneipe gesungen werden<br><strong>Kneipe:<\/strong>&nbsp;2. Akt, Frohes Beisammensein<br><strong>Lady:<\/strong>&nbsp;Ehemalige Mitgliederinnen, welche nach erfolgreichem Abschluss der Mittelschule in den Ladyverband aufgenommen wurden.<br><strong>Licornia:<\/strong>&nbsp;Name der \u00e4ltesten, noch bestehenden, rein weiblichen Mittelschulverbindung, sowie der einzigen Frauenverbindung an der Kantonsschule Frauenfeld<br><strong>M\u00e4dchen:<\/strong>&nbsp;Vollberechtigtes Mitglied der Aktivitas, leiten zusammen die Licornia<br><strong>Neofuxe:<\/strong>&nbsp;Frisch getaufter Fuxe<br><strong>Pr\u00e4sidium:<\/strong>&nbsp;Unser hohes P, Chefin der Verbindung<br><strong>Quartalslekt\u00fcre:<\/strong>&nbsp;Literarisches Werk, welches jeweils gemeinsam im Rahmen des 1. Akts besprochen wird.<br><strong>Sitzung:<\/strong>&nbsp;1. Akt, Sitzung. w\u00e4hrend der Sitzung erweitert die Aktivitas ihren geistigen Horizont mit Vortr\u00e4ge und Diskussionen<br><strong>Spefuxe:<\/strong>&nbsp;Sch\u00fclerinnen der 1F-, 1H-, 1I- und 2M-Klassen im 3. Quartal<br><strong>Stamm:<\/strong>&nbsp;lockere Kneipe<br><strong>Thurgovia:<\/strong>&nbsp;Literarische Burschenverbindung, im Brauhaus Sternen kneipend<br><strong>Vulgo:<\/strong>&nbsp;Verbindungsname, den du bei Eintritt in die Licornia erh\u00e4ltst<br><strong>Zirkel:<\/strong> <img loading=\"lazy\" decoding=\"async\" width=\"40\" height=\"46\" class=\"wp-image-77\" style=\"width: 40px;\" src=\"https:\/\/licornia.ch\/wp-content\/uploads\/2022\/08\/Zirkel-schwarz.png\" alt=\"Licornia Zirkel\" srcset=\"https:\/\/licornia.ch\/wp-content\/uploads\/2022\/08\/Zirkel-schwarz.png 917w, https:\/\/licornia.ch\/wp-content\/uploads\/2022\/08\/Zirkel-schwarz-261x300.png 261w, https:\/\/licornia.ch\/wp-content\/uploads\/2022\/08\/Zirkel-schwarz-889x1024.png 889w, https:\/\/licornia.ch\/wp-content\/uploads\/2022\/08\/Zirkel-schwarz-768x884.png 768w, https:\/\/licornia.ch\/wp-content\/uploads\/2022\/08\/Zirkel-schwarz-600x691.png 600w\" sizes=\"(max-width: 40px) 100vw, 40px\" \/><\/p>\n","protected":false},"excerpt":{"rendered":"<p>Seit dem Jahre 1992 gibt es an der Kantonsschule Frauenfeld neben der Thurgovia und der Concordia die M\u00e4dchenverbindung Licornia mit den Farben blau-weiss-gr\u00fcn.Im Sommer 1991 verbrachten vier Sch\u00fclerinnen ihre Ferien in S\u00fcdfrankreich, genauer gesagt in Port-Grimaud. Dort hatte es ihnen ein gem\u00fctliches Restaurant namens \u201eLa Licorne\u201c besonders angetan, wo ein \u201eMonaco\u201c genanntes Getr\u00e4nk, dessen Zutaten &hellip; <\/p>\n<p class=\"link-more\"><a href=\"https:\/\/licornia.ch\/?page_id=176\" class=\"more-link\">Read more<span class=\"screen-reader-text\"> &#171;Geschichte&#187;<\/span><\/a><\/p>\n","protected":false},"author":2,"featured_media":0,"parent":0,"menu_order":0,"comment_status":"closed","ping_status":"closed","template":"","meta":{"footnotes":""},"class_list":["post-176","page","type-page","status-publish","hentry"],"yoast_head":"<!-- This site is optimized with the Yoast SEO plugin v26.1.1 - https:\/\/yoast.com\/wordpress\/plugins\/seo\/ -->\n<title>Geschichte - Licornia<\/title>\n<meta name=\"robots\" content=\"index, follow, max-snippet:-1, max-image-preview:large, max-video-preview:-1\" \/>\n<link rel=\"canonical\" href=\"https:\/\/licornia.ch\/?page_id=176\" \/>\n<meta property=\"og:locale\" content=\"de_DE\" \/>\n<meta property=\"og:type\" content=\"article\" \/>\n<meta property=\"og:title\" content=\"Geschichte - Licornia\" \/>\n<meta property=\"og:description\" content=\"Seit dem Jahre 1992 gibt es an der Kantonsschule Frauenfeld neben der Thurgovia und der Concordia die M\u00e4dchenverbindung Licornia mit den Farben blau-weiss-gr\u00fcn.Im Sommer 1991 verbrachten vier Sch\u00fclerinnen ihre Ferien in S\u00fcdfrankreich, genauer gesagt in Port-Grimaud. Dort hatte es ihnen ein gem\u00fctliches Restaurant namens \u201eLa Licorne\u201c besonders angetan, wo ein \u201eMonaco\u201c genanntes Getr\u00e4nk, dessen Zutaten &hellip; Read more &quot;Geschichte&quot;\" \/>\n<meta property=\"og:url\" content=\"https:\/\/licornia.ch\/?page_id=176\" \/>\n<meta property=\"og:site_name\" content=\"Licornia\" \/>\n<meta property=\"article:modified_time\" content=\"2023-10-08T09:46:28+00:00\" \/>\n<meta property=\"og:image\" content=\"https:\/\/licornia.ch\/wp-content\/uploads\/2023\/10\/PHOTO-2020-01-18-13-09-46-1.jpg\" \/>\n<meta name=\"twitter:card\" content=\"summary_large_image\" \/>\n<meta name=\"twitter:label1\" content=\"Gesch\u00e4tzte Lesezeit\" \/>\n\t<meta name=\"twitter:data1\" content=\"4\u00a0Minuten\" \/>\n<script type=\"application\/ld+json\" class=\"yoast-schema-graph\">{\"@context\":\"https:\/\/schema.org\",\"@graph\":[{\"@type\":\"WebPage\",\"@id\":\"https:\/\/licornia.ch\/?page_id=176\",\"url\":\"https:\/\/licornia.ch\/?page_id=176\",\"name\":\"Geschichte - Licornia\",\"isPartOf\":{\"@id\":\"https:\/\/licornia.ch\/#website\"},\"primaryImageOfPage\":{\"@id\":\"https:\/\/licornia.ch\/?page_id=176#primaryimage\"},\"image\":{\"@id\":\"https:\/\/licornia.ch\/?page_id=176#primaryimage\"},\"thumbnailUrl\":\"https:\/\/licornia.ch\/wp-content\/uploads\/2023\/10\/PHOTO-2020-01-18-13-09-46-1.jpg\",\"datePublished\":\"2023-10-08T09:37:10+00:00\",\"dateModified\":\"2023-10-08T09:46:28+00:00\",\"breadcrumb\":{\"@id\":\"https:\/\/licornia.ch\/?page_id=176#breadcrumb\"},\"inLanguage\":\"de-CH\",\"potentialAction\":[{\"@type\":\"ReadAction\",\"target\":[\"https:\/\/licornia.ch\/?page_id=176\"]}]},{\"@type\":\"ImageObject\",\"inLanguage\":\"de-CH\",\"@id\":\"https:\/\/licornia.ch\/?page_id=176#primaryimage\",\"url\":\"https:\/\/licornia.ch\/wp-content\/uploads\/2023\/10\/PHOTO-2020-01-18-13-09-46-1.jpg\",\"contentUrl\":\"https:\/\/licornia.ch\/wp-content\/uploads\/2023\/10\/PHOTO-2020-01-18-13-09-46-1.jpg\",\"width\":1024,\"height\":768},{\"@type\":\"BreadcrumbList\",\"@id\":\"https:\/\/licornia.ch\/?page_id=176#breadcrumb\",\"itemListElement\":[{\"@type\":\"ListItem\",\"position\":1,\"name\":\"Home\",\"item\":\"https:\/\/licornia.ch\/\"},{\"@type\":\"ListItem\",\"position\":2,\"name\":\"Geschichte\"}]},{\"@type\":\"WebSite\",\"@id\":\"https:\/\/licornia.ch\/#website\",\"url\":\"https:\/\/licornia.ch\/\",\"name\":\"Licornia\",\"description\":\"Alea iacta est!\",\"publisher\":{\"@id\":\"https:\/\/licornia.ch\/#organization\"},\"potentialAction\":[{\"@type\":\"SearchAction\",\"target\":{\"@type\":\"EntryPoint\",\"urlTemplate\":\"https:\/\/licornia.ch\/?s={search_term_string}\"},\"query-input\":{\"@type\":\"PropertyValueSpecification\",\"valueRequired\":true,\"valueName\":\"search_term_string\"}}],\"inLanguage\":\"de-CH\"},{\"@type\":\"Organization\",\"@id\":\"https:\/\/licornia.ch\/#organization\",\"name\":\"Licornia\",\"url\":\"https:\/\/licornia.ch\/\",\"logo\":{\"@type\":\"ImageObject\",\"inLanguage\":\"de-CH\",\"@id\":\"https:\/\/licornia.ch\/#\/schema\/logo\/image\/\",\"url\":\"https:\/\/licornia.ch\/wp-content\/uploads\/2022\/08\/logo.png\",\"contentUrl\":\"https:\/\/licornia.ch\/wp-content\/uploads\/2022\/08\/logo.png\",\"width\":44,\"height\":42,\"caption\":\"Licornia\"},\"image\":{\"@id\":\"https:\/\/licornia.ch\/#\/schema\/logo\/image\/\"}}]}<\/script>\n<!-- \/ Yoast SEO plugin. -->","yoast_head_json":{"title":"Geschichte - Licornia","robots":{"index":"index","follow":"follow","max-snippet":"max-snippet:-1","max-image-preview":"max-image-preview:large","max-video-preview":"max-video-preview:-1"},"canonical":"https:\/\/licornia.ch\/?page_id=176","og_locale":"de_DE","og_type":"article","og_title":"Geschichte - Licornia","og_description":"Seit dem Jahre 1992 gibt es an der Kantonsschule Frauenfeld neben der Thurgovia und der Concordia die M\u00e4dchenverbindung Licornia mit den Farben blau-weiss-gr\u00fcn.Im Sommer 1991 verbrachten vier Sch\u00fclerinnen ihre Ferien in S\u00fcdfrankreich, genauer gesagt in Port-Grimaud. Dort hatte es ihnen ein gem\u00fctliches Restaurant namens \u201eLa Licorne\u201c besonders angetan, wo ein \u201eMonaco\u201c genanntes Getr\u00e4nk, dessen Zutaten &hellip; Read more \"Geschichte\"","og_url":"https:\/\/licornia.ch\/?page_id=176","og_site_name":"Licornia","article_modified_time":"2023-10-08T09:46:28+00:00","og_image":[{"url":"https:\/\/licornia.ch\/wp-content\/uploads\/2023\/10\/PHOTO-2020-01-18-13-09-46-1.jpg","type":"","width":"","height":""}],"twitter_card":"summary_large_image","twitter_misc":{"Gesch\u00e4tzte Lesezeit":"4\u00a0Minuten"},"schema":{"@context":"https:\/\/schema.org","@graph":[{"@type":"WebPage","@id":"https:\/\/licornia.ch\/?page_id=176","url":"https:\/\/licornia.ch\/?page_id=176","name":"Geschichte - Licornia","isPartOf":{"@id":"https:\/\/licornia.ch\/#website"},"primaryImageOfPage":{"@id":"https:\/\/licornia.ch\/?page_id=176#primaryimage"},"image":{"@id":"https:\/\/licornia.ch\/?page_id=176#primaryimage"},"thumbnailUrl":"https:\/\/licornia.ch\/wp-content\/uploads\/2023\/10\/PHOTO-2020-01-18-13-09-46-1.jpg","datePublished":"2023-10-08T09:37:10+00:00","dateModified":"2023-10-08T09:46:28+00:00","breadcrumb":{"@id":"https:\/\/licornia.ch\/?page_id=176#breadcrumb"},"inLanguage":"de-CH","potentialAction":[{"@type":"ReadAction","target":["https:\/\/licornia.ch\/?page_id=176"]}]},{"@type":"ImageObject","inLanguage":"de-CH","@id":"https:\/\/licornia.ch\/?page_id=176#primaryimage","url":"https:\/\/licornia.ch\/wp-content\/uploads\/2023\/10\/PHOTO-2020-01-18-13-09-46-1.jpg","contentUrl":"https:\/\/licornia.ch\/wp-content\/uploads\/2023\/10\/PHOTO-2020-01-18-13-09-46-1.jpg","width":1024,"height":768},{"@type":"BreadcrumbList","@id":"https:\/\/licornia.ch\/?page_id=176#breadcrumb","itemListElement":[{"@type":"ListItem","position":1,"name":"Home","item":"https:\/\/licornia.ch\/"},{"@type":"ListItem","position":2,"name":"Geschichte"}]},{"@type":"WebSite","@id":"https:\/\/licornia.ch\/#website","url":"https:\/\/licornia.ch\/","name":"Licornia","description":"Alea iacta est!","publisher":{"@id":"https:\/\/licornia.ch\/#organization"},"potentialAction":[{"@type":"SearchAction","target":{"@type":"EntryPoint","urlTemplate":"https:\/\/licornia.ch\/?s={search_term_string}"},"query-input":{"@type":"PropertyValueSpecification","valueRequired":true,"valueName":"search_term_string"}}],"inLanguage":"de-CH"},{"@type":"Organization","@id":"https:\/\/licornia.ch\/#organization","name":"Licornia","url":"https:\/\/licornia.ch\/","logo":{"@type":"ImageObject","inLanguage":"de-CH","@id":"https:\/\/licornia.ch\/#\/schema\/logo\/image\/","url":"https:\/\/licornia.ch\/wp-content\/uploads\/2022\/08\/logo.png","contentUrl":"https:\/\/licornia.ch\/wp-content\/uploads\/2022\/08\/logo.png","width":44,"height":42,"caption":"Licornia"},"image":{"@id":"https:\/\/licornia.ch\/#\/schema\/logo\/image\/"}}]}},"featured_media_urls":[],"_links":{"self":[{"href":"https:\/\/licornia.ch\/index.php?rest_route=\/wp\/v2\/pages\/176","targetHints":{"allow":["GET"]}}],"collection":[{"href":"https:\/\/licornia.ch\/index.php?rest_route=\/wp\/v2\/pages"}],"about":[{"href":"https:\/\/licornia.ch\/index.php?rest_route=\/wp\/v2\/types\/page"}],"author":[{"embeddable":true,"href":"https:\/\/licornia.ch\/index.php?rest_route=\/wp\/v2\/users\/2"}],"replies":[{"embeddable":true,"href":"https:\/\/licornia.ch\/index.php?rest_route=%2Fwp%2Fv2%2Fcomments&post=176"}],"version-history":[{"count":5,"href":"https:\/\/licornia.ch\/index.php?rest_route=\/wp\/v2\/pages\/176\/revisions"}],"predecessor-version":[{"id":187,"href":"https:\/\/licornia.ch\/index.php?rest_route=\/wp\/v2\/pages\/176\/revisions\/187"}],"wp:attachment":[{"href":"https:\/\/licornia.ch\/index.php?rest_route=%2Fwp%2Fv2%2Fmedia&parent=176"}],"curies":[{"name":"wp","href":"https:\/\/api.w.org\/{rel}","templated":true}]}}