{"id":18,"date":"2022-08-07T13:35:56","date_gmt":"2022-08-07T13:35:56","guid":{"rendered":"https:\/\/licornia.ch\/?page_id=18"},"modified":"2024-02-09T22:50:45","modified_gmt":"2024-02-09T21:50:45","slug":"beautiful-portfolios-for-exceptional-creatives","status":"publish","type":"page","link":"https:\/\/licornia.ch\/","title":{"rendered":"WILLKOMMEN BEI DER LICORNIA"},"content":{"rendered":"\t\t<div data-elementor-type=\"wp-page\" data-elementor-id=\"18\" class=\"elementor elementor-18\">\n\t\t\t\t\t\t<section class=\"elementor-section elementor-top-section elementor-element elementor-element-1c9e590 elementor-section-boxed elementor-section-height-default elementor-section-height-default\" data-id=\"1c9e590\" data-element_type=\"section\">\n\t\t\t\t\t\t<div class=\"elementor-container elementor-column-gap-default\">\n\t\t\t\t\t<div class=\"elementor-column elementor-col-100 elementor-top-column elementor-element elementor-element-f96c1a7\" data-id=\"f96c1a7\" data-element_type=\"column\">\n\t\t\t<div class=\"elementor-widget-wrap elementor-element-populated\">\n\t\t\t\t\t\t<div class=\"elementor-element elementor-element-6abcb39 elementor-widget elementor-widget-text-editor\" data-id=\"6abcb39\" data-element_type=\"widget\" data-widget_type=\"text-editor.default\">\n\t\t\t\t<div class=\"elementor-widget-container\">\n\t\t\t\t\t\t\t\t\t<p><span style=\"text-align: center;\">Du siehst jede Woche diese Frauen mit blau-weiss-gr\u00fcnem Band \u00fcber der Schulter und einem Couleur auf dem Kopf durch die Kantonsschule Frauenfeld schreiten, doch wer sind sie?<\/span><br style=\"text-align: center;\" \/><br style=\"text-align: center;\" \/><span style=\"text-align: center;\">Wir sind Geniesser, lieben das Feiern und Leben,<\/span><br style=\"text-align: center;\" \/><span style=\"text-align: center;\">und w\u00fcrden f\u00fcr die Licornia noch so einiges geben.<\/span><br style=\"text-align: center;\" \/><span style=\"text-align: center;\">Denn sie hat uns schon zahlreiche sch\u00f6ne Abende beschert,<\/span><br style=\"text-align: center;\" \/><span style=\"text-align: center;\">und uns Sitten und Traditionen von fr\u00fcher gelehrt.<\/span><br style=\"text-align: center;\" \/><span style=\"text-align: center;\">Ja, das sch\u00f6ne, heitere Licornia-Leben,<\/span><br style=\"text-align: center;\" \/><span style=\"text-align: center;\">Das wollen wir sicher nicht wieder hergeben&#8230;<\/span><br style=\"text-align: center;\" \/><span style=\"text-align: center;\">Die Freitagabende sind immer sch\u00f6n und speziell,<\/span><br style=\"text-align: center;\" \/><span style=\"text-align: center;\">mal lustig, mal schr\u00e4g, oft originell.<\/span><\/p>\t\t\t\t\t\t\t\t<\/div>\n\t\t\t\t<\/div>\n\t\t\t\t\t<\/div>\n\t\t<\/div>\n\t\t\t\t\t<\/div>\n\t\t<\/section>\n\t\t\t\t<section class=\"elementor-section elementor-top-section elementor-element elementor-element-499c1ae elementor-section-full_width elementor-section-stretched elementor-section-height-default elementor-section-height-default\" data-id=\"499c1ae\" data-element_type=\"section\" data-settings=\"{&quot;stretch_section&quot;:&quot;section-stretched&quot;,&quot;background_background&quot;:&quot;classic&quot;}\">\n\t\t\t\t\t\t<div class=\"elementor-container elementor-column-gap-wider\">\n\t\t\t\t\t<div class=\"elementor-column elementor-col-50 elementor-top-column elementor-element elementor-element-16e2640\" data-id=\"16e2640\" data-element_type=\"column\">\n\t\t\t<div class=\"elementor-widget-wrap elementor-element-populated\">\n\t\t\t\t\t\t<div class=\"elementor-element elementor-element-4c4d48e elementor-widget elementor-widget-text-editor\" data-id=\"4c4d48e\" data-element_type=\"widget\" data-widget_type=\"text-editor.default\">\n\t\t\t\t<div class=\"elementor-widget-container\">\n\t\t\t\t\t\t\t\t\t<h2 class=\"wp-block-heading\">UNSERE MITGLIEDER<\/h2>\n<p class=\"has-text-align-left\">Was ist das, was da so blau-weiss-gr\u00fcn schimmert?<br \/>Was sind das f\u00fcr M\u00e4dchen, die gehen, so ganz unbek\u00fcmmert?<br \/>Was sind das f\u00fcr Farbentragende, die man an der Kanti sieht und sah?<br \/>Ja das sind wir, die Frauen der\u00a0<a href=\"http:\/\/hwl-licornia.ch\/index.php\/ueber-uns\"><strong>Licornia<\/strong><\/a>!<\/p>\n<div class=\"wp-block-buttons\">\n<div class=\"wp-block-button is-style-outline\"><a class=\"wp-block-button__link wp-element-button\" href=\"https:\/\/licornia.ch\/?page_id=19\">\u00dcber uns<\/a><\/div>\n<\/div>\n<div class=\"wp-block-buttons\">\n<div class=\"wp-block-button is-style-outline\">\u00a0<\/div>\n<\/div>\t\t\t\t\t\t\t\t<\/div>\n\t\t\t\t<\/div>\n\t\t\t\t\t<\/div>\n\t\t<\/div>\n\t\t\t\t<div class=\"elementor-column elementor-col-50 elementor-top-column elementor-element elementor-element-1adc185\" data-id=\"1adc185\" data-element_type=\"column\">\n\t\t\t<div class=\"elementor-widget-wrap elementor-element-populated\">\n\t\t\t\t\t\t<div class=\"elementor-element elementor-element-f638138 elementor-widget elementor-widget-image\" data-id=\"f638138\" data-element_type=\"widget\" data-widget_type=\"image.default\">\n\t\t\t\t<div class=\"elementor-widget-container\">\n\t\t\t\t\t\t\t\t\t\t\t\t\t\t\t<img fetchpriority=\"high\" decoding=\"async\" width=\"740\" height=\"557\" src=\"https:\/\/licornia.ch\/wp-content\/uploads\/2023\/10\/image001.png\" class=\"attachment-large size-large wp-image-107\" alt=\"\" srcset=\"https:\/\/licornia.ch\/wp-content\/uploads\/2023\/10\/image001.png 740w, https:\/\/licornia.ch\/wp-content\/uploads\/2023\/10\/image001-300x226.png 300w, https:\/\/licornia.ch\/wp-content\/uploads\/2023\/10\/image001-600x452.png 600w\" sizes=\"100vw\" \/>\t\t\t\t\t\t\t\t\t\t\t\t\t\t\t<\/div>\n\t\t\t\t<\/div>\n\t\t\t\t\t<\/div>\n\t\t<\/div>\n\t\t\t\t\t<\/div>\n\t\t<\/section>\n\t\t\t\t<section class=\"elementor-section elementor-top-section elementor-element elementor-element-018afc4 elementor-section-stretched elementor-section-boxed elementor-section-height-default elementor-section-height-default\" data-id=\"018afc4\" data-element_type=\"section\" data-settings=\"{&quot;stretch_section&quot;:&quot;section-stretched&quot;,&quot;background_background&quot;:&quot;classic&quot;}\">\n\t\t\t\t\t\t<div class=\"elementor-container elementor-column-gap-default\">\n\t\t\t\t\t<div class=\"elementor-column elementor-col-100 elementor-top-column elementor-element elementor-element-3aeabdc\" data-id=\"3aeabdc\" data-element_type=\"column\">\n\t\t\t<div class=\"elementor-widget-wrap elementor-element-populated\">\n\t\t\t\t\t\t<div class=\"elementor-element elementor-element-eb82ad8 elementor-widget elementor-widget-text-editor\" data-id=\"eb82ad8\" data-element_type=\"widget\" data-widget_type=\"text-editor.default\">\n\t\t\t\t<div class=\"elementor-widget-container\">\n\t\t\t\t\t\t\t\t\t<h2 class=\"wp-block-heading has-text-align-center has-white-color has-text-color\">Galerie<\/h2>\n<p><!-- \/wp:heading --><\/p>\n<style type=\"text\/css\">.zoom-instagram.feed-157{font-size:14px!important;padding:1px!important;}.zoom-instagram.feed-157 .zoom-instagram-widget__items{display:grid!important;grid-template-columns:repeat(3,1fr);}.zoom-instagram.feed-157 .zoom-instagram-widget__items{gap:5px!important;}<\/style>\n\t\t\t\t\t\t\t\t<\/div>\n\t\t\t\t<\/div>\n\t\t\t\t\t<\/div>\n\t\t<\/div>\n\t\t\t\t\t<\/div>\n\t\t<\/section>\n\t\t\t\t<section class=\"elementor-section elementor-top-section elementor-element elementor-element-5ebd3d2 elementor-section-boxed elementor-section-height-default elementor-section-height-default\" data-id=\"5ebd3d2\" data-element_type=\"section\">\n\t\t\t\t\t\t<div class=\"elementor-container elementor-column-gap-default\">\n\t\t\t\t\t<div class=\"elementor-column elementor-col-33 elementor-top-column elementor-element elementor-element-750b005\" data-id=\"750b005\" data-element_type=\"column\">\n\t\t\t<div class=\"elementor-widget-wrap elementor-element-populated\">\n\t\t\t\t\t\t<div class=\"elementor-element elementor-element-bdbd1ff elementor-widget elementor-widget-image\" data-id=\"bdbd1ff\" data-element_type=\"widget\" data-widget_type=\"image.default\">\n\t\t\t\t<div class=\"elementor-widget-container\">\n\t\t\t\t\t\t\t\t\t\t\t\t<figure class=\"wp-caption\">\n\t\t\t\t\t\t\t\t\t\t<img decoding=\"async\" width=\"512\" height=\"512\" src=\"https:\/\/licornia.ch\/wp-content\/uploads\/2023\/10\/cropped-Licornia_Wappen-1.jpg\" class=\"attachment-large size-large wp-image-225\" alt=\"Wappen der hwl. Licornia\" srcset=\"https:\/\/licornia.ch\/wp-content\/uploads\/2023\/10\/cropped-Licornia_Wappen-1.jpg 512w, https:\/\/licornia.ch\/wp-content\/uploads\/2023\/10\/cropped-Licornia_Wappen-1-300x300.jpg 300w, https:\/\/licornia.ch\/wp-content\/uploads\/2023\/10\/cropped-Licornia_Wappen-1-150x150.jpg 150w, https:\/\/licornia.ch\/wp-content\/uploads\/2023\/10\/cropped-Licornia_Wappen-1-270x270.jpg 270w, https:\/\/licornia.ch\/wp-content\/uploads\/2023\/10\/cropped-Licornia_Wappen-1-192x192.jpg 192w, https:\/\/licornia.ch\/wp-content\/uploads\/2023\/10\/cropped-Licornia_Wappen-1-180x180.jpg 180w, https:\/\/licornia.ch\/wp-content\/uploads\/2023\/10\/cropped-Licornia_Wappen-1-32x32.jpg 32w\" sizes=\"100vw\" \/>\t\t\t\t\t\t\t\t\t\t\t<figcaption class=\"widget-image-caption wp-caption-text\">Wappen der hwl. Licornia<\/figcaption>\n\t\t\t\t\t\t\t\t\t\t<\/figure>\n\t\t\t\t\t\t\t\t\t<\/div>\n\t\t\t\t<\/div>\n\t\t\t\t\t<\/div>\n\t\t<\/div>\n\t\t\t\t<div class=\"elementor-column elementor-col-66 elementor-top-column elementor-element elementor-element-f9de061\" data-id=\"f9de061\" data-element_type=\"column\">\n\t\t\t<div class=\"elementor-widget-wrap elementor-element-populated\">\n\t\t\t\t\t\t<div class=\"elementor-element elementor-element-4970f3d elementor-widget elementor-widget-text-editor\" data-id=\"4970f3d\" data-element_type=\"widget\" data-widget_type=\"text-editor.default\">\n\t\t\t\t<div class=\"elementor-widget-container\">\n\t\t\t\t\t\t\t\t\t<h2 class=\"wp-block-heading\">DIE GESCHICHTE DER LICORNIA<\/h2>\n<p><!-- \/wp:heading --><\/p>\n<p><!-- wp:paragraph --><\/p>\n<p>Was ist das, was da so blau-weiss-gr\u00fcn schimmert?<br \/>Was sind das f\u00fcr M\u00e4dchen, die gehen, so ganz unbek\u00fcmmert?<br \/>Was sind das f\u00fcr Farbentragende, die man an der Kanti sieht und sah?<br \/>Ja das sind wir, die Frauen der\u00a0<a href=\"https:\/\/licornia.ch\/?page_id=19\"><strong>Licornia<\/strong><\/a>!<br \/>Viele fragen \u201ewas machen denn diese Frauen nur?\u201c<br \/>Wir m\u00f6gen Gespr\u00e4che, Diskussionen, auch Literatur.<br \/>Schon feiern durften wir unser 25-j\u00e4hriges Bestehen,<br \/>Ja, sehr vieles ist in dieser Zeit geschehen&#8230;<br \/>Doch nicht gross ver\u00e4ndert haben sich unsere Interessen,<br \/>Denn Freude am Feiern haben wir schon immer besessen.<br \/>Die Freitagabende sind immer sch\u00f6n und speziell,<br \/>mal lustig, mal schr\u00e4g, oft originell.<br \/>Auch die Reise nach Florenz, die war ein Hit,<br \/>wir nahmen viele Koffer und viel Vorfreude mit.<br \/>Wir sind Geniesser, lieben das Feiern und Leben,<br \/>und w\u00fcrden f\u00fcr die Licornia noch so einiges geben.<br \/>Denn sie hat uns schon zahlreiche sch\u00f6ne Abende beschert,<br \/>und uns Sitten und Traditionen von fr\u00fcher gelehrt.<br \/>Ja, das sch\u00f6ne, heitere Licornia-Leben,<br \/>Das wollen wir sicher nicht wieder hergeben&#8230;<br \/>Ein grosser Dank geht an unsere Spender und G\u00f6nner<br \/>Mit eurem\u00a0Batzen\u00a0ist unser Dasein noch sch\u00f6ner.<br \/>Bist du interessiert, motiviert und willst unsere Farben tragen,<br \/>Im\u00a0<a href=\"https:\/\/licornia.ch\/?page_id=36\"><strong>Spefuxenquartal<\/strong><\/a>\u00a0bist du herzlich wilkommen, weiter sagen!<br \/>Besuch uns im Keller, wir freuen uns sehr,<br \/>und wer weiss? Vielleicht haben wir bald schon ein Mitglied mehr&#8230;<\/p>\n<p><!-- \/wp:paragraph --><\/p>\n<p><!-- wp:buttons --><\/p>\n<div class=\"wp-block-buttons\">\n<p><!-- wp:button --><\/p>\n<div class=\"wp-block-button\"><a class=\"wp-block-button__link wp-element-button\" href=\"https:\/\/licornia.ch\/?page_id=176\">Mehr erfahren<\/a><\/div>\n<\/div>\t\t\t\t\t\t\t\t<\/div>\n\t\t\t\t<\/div>\n\t\t\t\t\t<\/div>\n\t\t<\/div>\n\t\t\t\t\t<\/div>\n\t\t<\/section>\n\t\t\t\t<section class=\"elementor-section elementor-top-section elementor-element elementor-element-b4523b0 elementor-section-stretched elementor-section-boxed elementor-section-height-default elementor-section-height-default\" data-id=\"b4523b0\" data-element_type=\"section\" data-settings=\"{&quot;stretch_section&quot;:&quot;section-stretched&quot;}\">\n\t\t\t\t\t\t<div class=\"elementor-container elementor-column-gap-default\">\n\t\t\t\t\t<div class=\"elementor-column elementor-col-100 elementor-top-column elementor-element elementor-element-09acaf7\" data-id=\"09acaf7\" data-element_type=\"column\">\n\t\t\t<div class=\"elementor-widget-wrap elementor-element-populated\">\n\t\t\t\t\t\t<div class=\"elementor-element elementor-element-5699f40 elementor-widget elementor-widget-image\" data-id=\"5699f40\" data-element_type=\"widget\" data-widget_type=\"image.default\">\n\t\t\t\t<div class=\"elementor-widget-container\">\n\t\t\t\t\t\t\t\t\t\t\t\t\t\t\t<img decoding=\"async\" width=\"950\" height=\"174\" src=\"https:\/\/licornia.ch\/wp-content\/uploads\/2023\/10\/Screenshot-2023-10-08-at-09.52.43-1024x188.png\" class=\"attachment-large size-large wp-image-111\" alt=\"\" srcset=\"https:\/\/licornia.ch\/wp-content\/uploads\/2023\/10\/Screenshot-2023-10-08-at-09.52.43-1024x188.png 1024w, https:\/\/licornia.ch\/wp-content\/uploads\/2023\/10\/Screenshot-2023-10-08-at-09.52.43-300x55.png 300w, https:\/\/licornia.ch\/wp-content\/uploads\/2023\/10\/Screenshot-2023-10-08-at-09.52.43-768x141.png 768w, https:\/\/licornia.ch\/wp-content\/uploads\/2023\/10\/Screenshot-2023-10-08-at-09.52.43-1536x282.png 1536w, https:\/\/licornia.ch\/wp-content\/uploads\/2023\/10\/Screenshot-2023-10-08-at-09.52.43-600x110.png 600w, https:\/\/licornia.ch\/wp-content\/uploads\/2023\/10\/Screenshot-2023-10-08-at-09.52.43-1200x220.png 1200w, https:\/\/licornia.ch\/wp-content\/uploads\/2023\/10\/Screenshot-2023-10-08-at-09.52.43.png 1840w\" sizes=\"100vw\" \/>\t\t\t\t\t\t\t\t\t\t\t\t\t\t\t<\/div>\n\t\t\t\t<\/div>\n\t\t\t\t\t<\/div>\n\t\t<\/div>\n\t\t\t\t\t<\/div>\n\t\t<\/section>\n\t\t\t\t<\/div>\n\t\t","protected":false},"excerpt":{"rendered":"<p>Du siehst jede Woche diese Frauen mit blau-weiss-gr\u00fcnem Band \u00fcber der Schulter und einem Couleur auf dem Kopf durch die Kantonsschule Frauenfeld schreiten, doch wer sind sie?Wir sind Geniesser, lieben das Feiern und Leben,und w\u00fcrden f\u00fcr die Licornia noch so einiges geben.Denn sie hat uns schon zahlreiche sch\u00f6ne Abende beschert,und uns Sitten und Traditionen von &hellip; <\/p>\n<p class=\"link-more\"><a href=\"https:\/\/licornia.ch\/\" class=\"more-link\">Read more<span class=\"screen-reader-text\"> &#171;WILLKOMMEN BEI DER LICORNIA&#187;<\/span><\/a><\/p>\n","protected":false},"author":1,"featured_media":75,"parent":0,"menu_order":0,"comment_status":"closed","ping_status":"closed","template":"","meta":{"footnotes":""},"class_list":["post-18","page","type-page","status-publish","has-post-thumbnail","hentry"],"yoast_head":"<!-- This site is optimized with the Yoast SEO plugin v26.1.1 - https:\/\/yoast.com\/wordpress\/plugins\/seo\/ -->\n<title>WILLKOMMEN BEI DER LICORNIA - Licornia<\/title>\n<meta name=\"robots\" content=\"index, follow, max-snippet:-1, max-image-preview:large, max-video-preview:-1\" \/>\n<link rel=\"canonical\" href=\"https:\/\/licornia.ch\/\" \/>\n<meta property=\"og:locale\" content=\"de_DE\" \/>\n<meta property=\"og:type\" content=\"article\" \/>\n<meta property=\"og:title\" content=\"WILLKOMMEN BEI DER LICORNIA - Licornia\" \/>\n<meta property=\"og:description\" content=\"Du siehst jede Woche diese Frauen mit blau-weiss-gr\u00fcnem Band \u00fcber der Schulter und einem Couleur auf dem Kopf durch die Kantonsschule Frauenfeld schreiten, doch wer sind sie?Wir sind Geniesser, lieben das Feiern und Leben,und w\u00fcrden f\u00fcr die Licornia noch so einiges geben.Denn sie hat uns schon zahlreiche sch\u00f6ne Abende beschert,und uns Sitten und Traditionen von &hellip; Read more &quot;WILLKOMMEN BEI DER LICORNIA&quot;\" \/>\n<meta property=\"og:url\" content=\"https:\/\/licornia.ch\/\" \/>\n<meta property=\"og:site_name\" content=\"Licornia\" \/>\n<meta property=\"article:modified_time\" content=\"2024-02-09T21:50:45+00:00\" \/>\n<meta property=\"og:image\" content=\"https:\/\/licornia.ch\/wp-content\/uploads\/2022\/08\/banner.jpg\" \/>\n\t<meta property=\"og:image:width\" content=\"1680\" \/>\n\t<meta property=\"og:image:height\" content=\"1050\" \/>\n\t<meta property=\"og:image:type\" content=\"image\/jpeg\" \/>\n<meta name=\"twitter:card\" content=\"summary_large_image\" \/>\n<meta name=\"twitter:label1\" content=\"Gesch\u00e4tzte Lesezeit\" \/>\n\t<meta name=\"twitter:data1\" content=\"13\u00a0Minuten\" \/>\n<script type=\"application\/ld+json\" class=\"yoast-schema-graph\">{\"@context\":\"https:\/\/schema.org\",\"@graph\":[{\"@type\":\"WebPage\",\"@id\":\"https:\/\/licornia.ch\/\",\"url\":\"https:\/\/licornia.ch\/\",\"name\":\"WILLKOMMEN BEI DER LICORNIA - Licornia\",\"isPartOf\":{\"@id\":\"https:\/\/licornia.ch\/#website\"},\"primaryImageOfPage\":{\"@id\":\"https:\/\/licornia.ch\/#primaryimage\"},\"image\":{\"@id\":\"https:\/\/licornia.ch\/#primaryimage\"},\"thumbnailUrl\":\"https:\/\/licornia.ch\/wp-content\/uploads\/2022\/08\/banner.jpg\",\"datePublished\":\"2022-08-07T13:35:56+00:00\",\"dateModified\":\"2024-02-09T21:50:45+00:00\",\"breadcrumb\":{\"@id\":\"https:\/\/licornia.ch\/#breadcrumb\"},\"inLanguage\":\"de-CH\",\"potentialAction\":[{\"@type\":\"ReadAction\",\"target\":[\"https:\/\/licornia.ch\/\"]}]},{\"@type\":\"ImageObject\",\"inLanguage\":\"de-CH\",\"@id\":\"https:\/\/licornia.ch\/#primaryimage\",\"url\":\"https:\/\/licornia.ch\/wp-content\/uploads\/2022\/08\/banner.jpg\",\"contentUrl\":\"https:\/\/licornia.ch\/wp-content\/uploads\/2022\/08\/banner.jpg\",\"width\":1680,\"height\":1050},{\"@type\":\"BreadcrumbList\",\"@id\":\"https:\/\/licornia.ch\/#breadcrumb\",\"itemListElement\":[{\"@type\":\"ListItem\",\"position\":1,\"name\":\"Home\",\"item\":\"https:\/\/licornia.ch\/\"},{\"@type\":\"ListItem\",\"position\":2,\"name\":\"WILLKOMMEN BEI DER LICORNIA\"}]},{\"@type\":\"WebSite\",\"@id\":\"https:\/\/licornia.ch\/#website\",\"url\":\"https:\/\/licornia.ch\/\",\"name\":\"Licornia\",\"description\":\"Alea iacta est!\",\"publisher\":{\"@id\":\"https:\/\/licornia.ch\/#organization\"},\"potentialAction\":[{\"@type\":\"SearchAction\",\"target\":{\"@type\":\"EntryPoint\",\"urlTemplate\":\"https:\/\/licornia.ch\/?s={search_term_string}\"},\"query-input\":{\"@type\":\"PropertyValueSpecification\",\"valueRequired\":true,\"valueName\":\"search_term_string\"}}],\"inLanguage\":\"de-CH\"},{\"@type\":\"Organization\",\"@id\":\"https:\/\/licornia.ch\/#organization\",\"name\":\"Licornia\",\"url\":\"https:\/\/licornia.ch\/\",\"logo\":{\"@type\":\"ImageObject\",\"inLanguage\":\"de-CH\",\"@id\":\"https:\/\/licornia.ch\/#\/schema\/logo\/image\/\",\"url\":\"https:\/\/licornia.ch\/wp-content\/uploads\/2022\/08\/logo.png\",\"contentUrl\":\"https:\/\/licornia.ch\/wp-content\/uploads\/2022\/08\/logo.png\",\"width\":44,\"height\":42,\"caption\":\"Licornia\"},\"image\":{\"@id\":\"https:\/\/licornia.ch\/#\/schema\/logo\/image\/\"}}]}<\/script>\n<!-- \/ Yoast SEO plugin. -->","yoast_head_json":{"title":"WILLKOMMEN BEI DER LICORNIA - Licornia","robots":{"index":"index","follow":"follow","max-snippet":"max-snippet:-1","max-image-preview":"max-image-preview:large","max-video-preview":"max-video-preview:-1"},"canonical":"https:\/\/licornia.ch\/","og_locale":"de_DE","og_type":"article","og_title":"WILLKOMMEN BEI DER LICORNIA - Licornia","og_description":"Du siehst jede Woche diese Frauen mit blau-weiss-gr\u00fcnem Band \u00fcber der Schulter und einem Couleur auf dem Kopf durch die Kantonsschule Frauenfeld schreiten, doch wer sind sie?Wir sind Geniesser, lieben das Feiern und Leben,und w\u00fcrden f\u00fcr die Licornia noch so einiges geben.Denn sie hat uns schon zahlreiche sch\u00f6ne Abende beschert,und uns Sitten und Traditionen von &hellip; Read more \"WILLKOMMEN BEI DER LICORNIA\"","og_url":"https:\/\/licornia.ch\/","og_site_name":"Licornia","article_modified_time":"2024-02-09T21:50:45+00:00","og_image":[{"width":1680,"height":1050,"url":"https:\/\/licornia.ch\/wp-content\/uploads\/2022\/08\/banner.jpg","type":"image\/jpeg"}],"twitter_card":"summary_large_image","twitter_misc":{"Gesch\u00e4tzte Lesezeit":"13\u00a0Minuten"},"schema":{"@context":"https:\/\/schema.org","@graph":[{"@type":"WebPage","@id":"https:\/\/licornia.ch\/","url":"https:\/\/licornia.ch\/","name":"WILLKOMMEN BEI DER LICORNIA - Licornia","isPartOf":{"@id":"https:\/\/licornia.ch\/#website"},"primaryImageOfPage":{"@id":"https:\/\/licornia.ch\/#primaryimage"},"image":{"@id":"https:\/\/licornia.ch\/#primaryimage"},"thumbnailUrl":"https:\/\/licornia.ch\/wp-content\/uploads\/2022\/08\/banner.jpg","datePublished":"2022-08-07T13:35:56+00:00","dateModified":"2024-02-09T21:50:45+00:00","breadcrumb":{"@id":"https:\/\/licornia.ch\/#breadcrumb"},"inLanguage":"de-CH","potentialAction":[{"@type":"ReadAction","target":["https:\/\/licornia.ch\/"]}]},{"@type":"ImageObject","inLanguage":"de-CH","@id":"https:\/\/licornia.ch\/#primaryimage","url":"https:\/\/licornia.ch\/wp-content\/uploads\/2022\/08\/banner.jpg","contentUrl":"https:\/\/licornia.ch\/wp-content\/uploads\/2022\/08\/banner.jpg","width":1680,"height":1050},{"@type":"BreadcrumbList","@id":"https:\/\/licornia.ch\/#breadcrumb","itemListElement":[{"@type":"ListItem","position":1,"name":"Home","item":"https:\/\/licornia.ch\/"},{"@type":"ListItem","position":2,"name":"WILLKOMMEN BEI DER LICORNIA"}]},{"@type":"WebSite","@id":"https:\/\/licornia.ch\/#website","url":"https:\/\/licornia.ch\/","name":"Licornia","description":"Alea iacta est!","publisher":{"@id":"https:\/\/licornia.ch\/#organization"},"potentialAction":[{"@type":"SearchAction","target":{"@type":"EntryPoint","urlTemplate":"https:\/\/licornia.ch\/?s={search_term_string}"},"query-input":{"@type":"PropertyValueSpecification","valueRequired":true,"valueName":"search_term_string"}}],"inLanguage":"de-CH"},{"@type":"Organization","@id":"https:\/\/licornia.ch\/#organization","name":"Licornia","url":"https:\/\/licornia.ch\/","logo":{"@type":"ImageObject","inLanguage":"de-CH","@id":"https:\/\/licornia.ch\/#\/schema\/logo\/image\/","url":"https:\/\/licornia.ch\/wp-content\/uploads\/2022\/08\/logo.png","contentUrl":"https:\/\/licornia.ch\/wp-content\/uploads\/2022\/08\/logo.png","width":44,"height":42,"caption":"Licornia"},"image":{"@id":"https:\/\/licornia.ch\/#\/schema\/logo\/image\/"}}]}},"featured_media_urls":{"thumbnail":["https:\/\/licornia.ch\/wp-content\/uploads\/2022\/08\/banner-150x150.jpg",150,150,true],"medium":["https:\/\/licornia.ch\/wp-content\/uploads\/2022\/08\/banner-300x188.jpg",300,188,true],"medium_large":["https:\/\/licornia.ch\/wp-content\/uploads\/2022\/08\/banner-768x480.jpg",768,480,true],"large":["https:\/\/licornia.ch\/wp-content\/uploads\/2022\/08\/banner-1024x640.jpg",950,594,true],"1536x1536":["https:\/\/licornia.ch\/wp-content\/uploads\/2022\/08\/banner-1536x960.jpg",1536,960,true],"2048x2048":["https:\/\/licornia.ch\/wp-content\/uploads\/2022\/08\/banner.jpg",1680,1050,false],"inspiro-featured-image":["https:\/\/licornia.ch\/wp-content\/uploads\/2022\/08\/banner.jpg",1680,1050,false],"inspiro-loop":["https:\/\/licornia.ch\/wp-content\/uploads\/2022\/08\/banner-950x320.jpg",950,320,true],"inspiro-loop@2x":["https:\/\/licornia.ch\/wp-content\/uploads\/2022\/08\/banner-1680x640.jpg",1680,640,true],"portfolio_item-thumbnail":["https:\/\/licornia.ch\/wp-content\/uploads\/2022\/08\/banner-600x400.jpg",600,400,true],"portfolio_item-thumbnail@2x":["https:\/\/licornia.ch\/wp-content\/uploads\/2022\/08\/banner-1200x800.jpg",1200,800,true],"portfolio_item-masonry":["https:\/\/licornia.ch\/wp-content\/uploads\/2022\/08\/banner-600x375.jpg",600,375,true],"portfolio_item-masonry@2x":["https:\/\/licornia.ch\/wp-content\/uploads\/2022\/08\/banner-1200x750.jpg",1200,750,true],"portfolio_item-thumbnail_cinema":["https:\/\/licornia.ch\/wp-content\/uploads\/2022\/08\/banner-800x335.jpg",800,335,true],"portfolio_item-thumbnail_portrait":["https:\/\/licornia.ch\/wp-content\/uploads\/2022\/08\/banner-600x900.jpg",600,900,true],"portfolio_item-thumbnail_portrait@2x":["https:\/\/licornia.ch\/wp-content\/uploads\/2022\/08\/banner-1200x1050.jpg",1200,1050,true],"portfolio_item-thumbnail_square":["https:\/\/licornia.ch\/wp-content\/uploads\/2022\/08\/banner-800x800.jpg",800,800,true]},"_links":{"self":[{"href":"https:\/\/licornia.ch\/index.php?rest_route=\/wp\/v2\/pages\/18","targetHints":{"allow":["GET"]}}],"collection":[{"href":"https:\/\/licornia.ch\/index.php?rest_route=\/wp\/v2\/pages"}],"about":[{"href":"https:\/\/licornia.ch\/index.php?rest_route=\/wp\/v2\/types\/page"}],"author":[{"embeddable":true,"href":"https:\/\/licornia.ch\/index.php?rest_route=\/wp\/v2\/users\/1"}],"replies":[{"embeddable":true,"href":"https:\/\/licornia.ch\/index.php?rest_route=%2Fwp%2Fv2%2Fcomments&post=18"}],"version-history":[{"count":48,"href":"https:\/\/licornia.ch\/index.php?rest_route=\/wp\/v2\/pages\/18\/revisions"}],"predecessor-version":[{"id":318,"href":"https:\/\/licornia.ch\/index.php?rest_route=\/wp\/v2\/pages\/18\/revisions\/318"}],"wp:featuredmedia":[{"embeddable":true,"href":"https:\/\/licornia.ch\/index.php?rest_route=\/wp\/v2\/media\/75"}],"wp:attachment":[{"href":"https:\/\/licornia.ch\/index.php?rest_route=%2Fwp%2Fv2%2Fmedia&parent=18"}],"curies":[{"name":"wp","href":"https:\/\/api.w.org\/{rel}","templated":true}]}}