{"id":19,"date":"2022-08-07T13:35:57","date_gmt":"2022-08-07T13:35:57","guid":{"rendered":"https:\/\/licornia.ch\/?page_id=19"},"modified":"2024-09-09T08:34:59","modified_gmt":"2024-09-09T06:34:59","slug":"about","status":"publish","type":"page","link":"https:\/\/licornia.ch\/?page_id=19","title":{"rendered":"\u00dcber Uns"},"content":{"rendered":"\n<figure class=\"wp-block-image alignwide size-large is-style-default\"><img fetchpriority=\"high\" decoding=\"async\" width=\"2560\" height=\"1707\" src=\"https:\/\/licornia.ch\/wp-content\/uploads\/2023\/10\/IMG_5407-1-edited-scaled.jpg\" alt=\"\" class=\"wp-image-255\" srcset=\"https:\/\/licornia.ch\/wp-content\/uploads\/2023\/10\/IMG_5407-1-edited-scaled.jpg 2560w, https:\/\/licornia.ch\/wp-content\/uploads\/2023\/10\/IMG_5407-1-edited-300x200.jpg 300w, https:\/\/licornia.ch\/wp-content\/uploads\/2023\/10\/IMG_5407-1-edited-1024x683.jpg 1024w, https:\/\/licornia.ch\/wp-content\/uploads\/2023\/10\/IMG_5407-1-edited-768x512.jpg 768w, https:\/\/licornia.ch\/wp-content\/uploads\/2023\/10\/IMG_5407-1-edited-1536x1024.jpg 1536w, https:\/\/licornia.ch\/wp-content\/uploads\/2023\/10\/IMG_5407-1-edited-2048x1365.jpg 2048w, https:\/\/licornia.ch\/wp-content\/uploads\/2023\/10\/IMG_5407-1-edited-2000x1333.jpg 2000w, https:\/\/licornia.ch\/wp-content\/uploads\/2023\/10\/IMG_5407-1-edited-600x400.jpg 600w, https:\/\/licornia.ch\/wp-content\/uploads\/2023\/10\/IMG_5407-1-edited-1200x800.jpg 1200w\" sizes=\"(max-width: 2560px) 100vw, 2560px\" \/><\/figure>\n\n\n\n<figure class=\"wp-block-image alignwide size-large\"><img decoding=\"async\" width=\"2560\" height=\"1707\" src=\"https:\/\/licornia.ch\/wp-content\/uploads\/2023\/10\/IMG_5416-1-edited-scaled.jpg\" alt=\"\" class=\"wp-image-256\" srcset=\"https:\/\/licornia.ch\/wp-content\/uploads\/2023\/10\/IMG_5416-1-edited-scaled.jpg 2560w, https:\/\/licornia.ch\/wp-content\/uploads\/2023\/10\/IMG_5416-1-edited-300x200.jpg 300w, https:\/\/licornia.ch\/wp-content\/uploads\/2023\/10\/IMG_5416-1-edited-1024x683.jpg 1024w, https:\/\/licornia.ch\/wp-content\/uploads\/2023\/10\/IMG_5416-1-edited-768x512.jpg 768w, https:\/\/licornia.ch\/wp-content\/uploads\/2023\/10\/IMG_5416-1-edited-1536x1024.jpg 1536w, https:\/\/licornia.ch\/wp-content\/uploads\/2023\/10\/IMG_5416-1-edited-2048x1365.jpg 2048w, https:\/\/licornia.ch\/wp-content\/uploads\/2023\/10\/IMG_5416-1-edited-2000x1333.jpg 2000w, https:\/\/licornia.ch\/wp-content\/uploads\/2023\/10\/IMG_5416-1-edited-600x400.jpg 600w, https:\/\/licornia.ch\/wp-content\/uploads\/2023\/10\/IMG_5416-1-edited-1200x800.jpg 1200w\" sizes=\"(max-width: 2560px) 100vw, 2560px\" \/><figcaption class=\"wp-element-caption\">Aktivitas<\/figcaption><\/figure>\n\n\n\n<div class=\"wp-block-columns is-layout-flex wp-container-core-columns-is-layout-28f84493 wp-block-columns-is-layout-flex\">\n<div class=\"wp-block-column is-layout-flow wp-block-column-is-layout-flow\">\n<h2 class=\"wp-block-heading\">M\u00c4DCHEN<\/h2>\n\n\n\n<p><strong><strong>Pr\u00e4sidium<\/strong><\/strong> <br>Giada Cimino v\/o Destiny<br><a href=\"mailto:aktivitas@licornia.ch\">aktivitas@licornia.ch<\/a><br><strong><br>Contra-Pr\u00e4sidium<\/strong> <br>Elena Andronic v\/o Acta<\/p>\n\n\n\n<p><strong>Kassierin<\/strong> <br>Valentina Mettler v\/o Toja<\/p>\n\n\n\n<p><strong>Fuxmajorin<\/strong> <br>No\u00eblle Stutz v\/o Ivy<\/p>\n\n\n\n<p><strong>Cantusmagistra<\/strong> <br>Alina St\u00e4heli v\/o Fia<\/p>\n\n\n\n<p><strong>Aktuarin<\/strong> <br>Gemma Fopp v\/o Nevena<\/p>\n\n\n\n<p>Timea Keller v\/o Dash<\/p>\n\n\n\n<p>Malin Zatti v\/o Lyra<\/p>\n<\/div>\n\n\n\n<div class=\"wp-block-column is-layout-flow wp-block-column-is-layout-flow\">\n<h2 class=\"wp-block-heading\">FUXEN<\/h2>\n\n\n\n<p>Hanna Lorenz v\/o D\u00fana<br>Isabelle Seiler v\/o Chea<br>Joanna Albinska v\/o Chinook<br>Julia Thalmann v\/o Tyuri<br>Annik Siegenthaler v\/o Tuki<br>Tanja Gezer v\/o Zilea<br>Juliette Cz\u00e1ka v\/o Sora<br>Kim Weggenmann v\/o Fortuna<\/p>\n\n\n\n<p>Johanna Fischer v\/o Tamika<br>No\u00ebmi Haller v\/o Fay\u00e9<br><\/p>\n<\/div>\n<\/div>\n\n\n\n<h2 class=\"wp-block-heading\">LADYVORSTAND<\/h2>\n\n\n\n<p><strong>Pr\u00e4sidentin<\/strong> <br>Rebekka Oehninger v\/o Biada<br><a href=\"mailto:ladyverband@licornia.ch\">ladyverband@licornia.ch<\/a><\/p>\n\n\n\n<p><strong>Kassierin<\/strong> <br>Flavia Wiedenmann v\/o Soley<\/p>\n\n\n\n<p><strong>Mitglieder <br><\/strong>Timea Sigrist v\/o Tinka<br>Deborah Hasler v\/o Shania<br>Irina Busch v\/o Akira<br>Jacqueline Strehler v\/o Valea<br>Flavia F\u00fcrer v\/o Lava<\/p>\n\n\n\n<h2 class=\"wp-block-heading\">Dokumente<\/h2>\n\n\n\n<div class=\"wp-block-columns is-layout-flex wp-container-core-columns-is-layout-28f84493 wp-block-columns-is-layout-flex\">\n<div class=\"wp-block-column is-layout-flow wp-block-column-is-layout-flow\">\n<div data-wp-interactive=\"core\/file\" class=\"wp-block-file\"><object data-wp-bind--hidden=\"!state.hasPdfPreview\" hidden class=\"wp-block-file__embed\" data=\"https:\/\/licornia.ch\/wp-content\/uploads\/2023\/10\/Statuten-der-Aktivitas_2016_GzD.pdf\" type=\"application\/pdf\" style=\"width:100%;height:600px\" aria-label=\"Einbettung von Statuten der Aktivitas.\"><\/object><a id=\"wp-block-file--media-b09bc4ad-883e-42de-99ba-a33af4795303\" href=\"https:\/\/licornia.ch\/wp-content\/uploads\/2023\/10\/Statuten-der-Aktivitas_2016_GzD.pdf\">Statuten der Aktivitas<\/a><a href=\"https:\/\/licornia.ch\/wp-content\/uploads\/2023\/10\/Statuten-der-Aktivitas_2016_GzD.pdf\" class=\"wp-block-file__button wp-element-button\" download aria-describedby=\"wp-block-file--media-b09bc4ad-883e-42de-99ba-a33af4795303\">Herunterladen<\/a><\/div>\n<\/div>\n\n\n\n<div class=\"wp-block-column is-layout-flow wp-block-column-is-layout-flow\">\n<div data-wp-interactive=\"core\/file\" class=\"wp-block-file\"><object data-wp-bind--hidden=\"!state.hasPdfPreview\" hidden class=\"wp-block-file__embed\" data=\"https:\/\/licornia.ch\/wp-content\/uploads\/2023\/10\/Comment_2016_GzD_final.pdf\" type=\"application\/pdf\" style=\"width:100%;height:600px\" aria-label=\"Einbettung von Comment.\"><\/object><a id=\"wp-block-file--media-a94130ad-c699-4b2b-b909-2073ea9efe7a\" href=\"https:\/\/licornia.ch\/wp-content\/uploads\/2023\/10\/Comment_2016_GzD_final.pdf\">Comment<\/a><a href=\"https:\/\/licornia.ch\/wp-content\/uploads\/2023\/10\/Comment_2016_GzD_final.pdf\" class=\"wp-block-file__button wp-element-button\" download aria-describedby=\"wp-block-file--media-a94130ad-c699-4b2b-b909-2073ea9efe7a\">Herunterladen<\/a><\/div>\n<\/div>\n<\/div>\n\n\n\n<p><\/p>\n\n\n\n<div class=\"wp-block-columns is-layout-flex wp-container-core-columns-is-layout-28f84493 wp-block-columns-is-layout-flex\">\n<div class=\"wp-block-column is-layout-flow wp-block-column-is-layout-flow\">\n<div data-wp-interactive=\"core\/file\" class=\"wp-block-file\"><object data-wp-bind--hidden=\"!state.hasPdfPreview\" hidden class=\"wp-block-file__embed\" data=\"https:\/\/licornia.ch\/wp-content\/uploads\/2023\/10\/Licornia_Chargiercomment.pdf\" type=\"application\/pdf\" style=\"width:100%;height:600px\" aria-label=\"Einbettung von Chargiercomment.\"><\/object><a id=\"wp-block-file--media-c1a79c48-d3cd-46ca-ac51-ecbf49638d1b\" href=\"https:\/\/licornia.ch\/wp-content\/uploads\/2023\/10\/Licornia_Chargiercomment.pdf\">Chargiercomment<\/a><a href=\"https:\/\/licornia.ch\/wp-content\/uploads\/2023\/10\/Licornia_Chargiercomment.pdf\" class=\"wp-block-file__button wp-element-button\" download aria-describedby=\"wp-block-file--media-c1a79c48-d3cd-46ca-ac51-ecbf49638d1b\">Herunterladen<\/a><\/div>\n<\/div>\n\n\n\n<div class=\"wp-block-column is-layout-flow wp-block-column-is-layout-flow\">\n<div data-wp-interactive=\"core\/file\" class=\"wp-block-file\"><object data-wp-bind--hidden=\"!state.hasPdfPreview\" hidden class=\"wp-block-file__embed\" data=\"https:\/\/licornia.ch\/wp-content\/uploads\/2023\/10\/Licornia_Kellerreglement.pdf\" type=\"application\/pdf\" style=\"width:100%;height:600px\" aria-label=\"Einbettung von Kellerreglement.\"><\/object><a id=\"wp-block-file--media-209491f9-a66b-4f6b-bf45-99b81b0e3f39\" href=\"https:\/\/licornia.ch\/wp-content\/uploads\/2023\/10\/Licornia_Kellerreglement.pdf\">Kellerreglement<\/a><a href=\"https:\/\/licornia.ch\/wp-content\/uploads\/2023\/10\/Licornia_Kellerreglement.pdf\" class=\"wp-block-file__button wp-element-button\" download aria-describedby=\"wp-block-file--media-209491f9-a66b-4f6b-bf45-99b81b0e3f39\">Herunterladen<\/a><\/div>\n<\/div>\n<\/div>\n\n\n\n<div class=\"wp-block-columns is-layout-flex wp-container-core-columns-is-layout-28f84493 wp-block-columns-is-layout-flex\">\n<div class=\"wp-block-column is-layout-flow wp-block-column-is-layout-flow\">\n<div data-wp-interactive=\"core\/file\" class=\"wp-block-file\"><object data-wp-bind--hidden=\"!state.hasPdfPreview\" hidden class=\"wp-block-file__embed\" data=\"https:\/\/licornia.ch\/wp-content\/uploads\/2023\/10\/Farbenkantus.pdf\" type=\"application\/pdf\" style=\"width:100%;height:600px\" aria-label=\"Einbettung von Farbenkantus.\"><\/object><a id=\"wp-block-file--media-1d4499a6-a8a1-4f31-bf89-2cba67ca98a1\" href=\"https:\/\/licornia.ch\/wp-content\/uploads\/2023\/10\/Farbenkantus.pdf\">Farbenkantus<\/a><a href=\"https:\/\/licornia.ch\/wp-content\/uploads\/2023\/10\/Farbenkantus.pdf\" class=\"wp-block-file__button wp-element-button\" download aria-describedby=\"wp-block-file--media-1d4499a6-a8a1-4f31-bf89-2cba67ca98a1\">Herunterladen<\/a><\/div>\n<\/div>\n\n\n\n<div class=\"wp-block-column is-layout-flow wp-block-column-is-layout-flow\"><\/div>\n<\/div>\n","protected":false},"excerpt":{"rendered":"<p>M\u00c4DCHEN Pr\u00e4sidium Giada Cimino v\/o Destinyaktivitas@licornia.chContra-Pr\u00e4sidium Elena Andronic v\/o Acta Kassierin Valentina Mettler v\/o Toja Fuxmajorin No\u00eblle Stutz v\/o Ivy Cantusmagistra Alina St\u00e4heli v\/o Fia Aktuarin Gemma Fopp v\/o Nevena Timea Keller v\/o Dash Malin Zatti v\/o Lyra FUXEN Hanna Lorenz v\/o D\u00fanaIsabelle Seiler v\/o CheaJoanna Albinska v\/o ChinookJulia Thalmann v\/o TyuriAnnik Siegenthaler v\/o TukiTanja &hellip; <\/p>\n<p class=\"link-more\"><a href=\"https:\/\/licornia.ch\/?page_id=19\" class=\"more-link\">Read more<span class=\"screen-reader-text\"> &#171;\u00dcber Uns&#187;<\/span><\/a><\/p>\n","protected":false},"author":1,"featured_media":75,"parent":0,"menu_order":0,"comment_status":"closed","ping_status":"closed","template":"","meta":{"footnotes":""},"class_list":["post-19","page","type-page","status-publish","has-post-thumbnail","hentry"],"yoast_head":"<!-- This site is optimized with the Yoast SEO plugin v26.1.1 - https:\/\/yoast.com\/wordpress\/plugins\/seo\/ -->\n<title>\u00dcber Uns - Licornia<\/title>\n<meta name=\"robots\" content=\"index, follow, max-snippet:-1, max-image-preview:large, max-video-preview:-1\" \/>\n<link rel=\"canonical\" href=\"https:\/\/licornia.ch\/?page_id=19\" \/>\n<meta property=\"og:locale\" content=\"de_DE\" \/>\n<meta property=\"og:type\" content=\"article\" \/>\n<meta property=\"og:title\" content=\"\u00dcber Uns - Licornia\" \/>\n<meta property=\"og:description\" content=\"M\u00c4DCHEN Pr\u00e4sidium Giada Cimino v\/o Destinyaktivitas@licornia.chContra-Pr\u00e4sidium Elena Andronic v\/o Acta Kassierin Valentina Mettler v\/o Toja Fuxmajorin No\u00eblle Stutz v\/o Ivy Cantusmagistra Alina St\u00e4heli v\/o Fia Aktuarin Gemma Fopp v\/o Nevena Timea Keller v\/o Dash Malin Zatti v\/o Lyra FUXEN Hanna Lorenz v\/o D\u00fanaIsabelle Seiler v\/o CheaJoanna Albinska v\/o ChinookJulia Thalmann v\/o TyuriAnnik Siegenthaler v\/o TukiTanja &hellip; Read more &quot;\u00dcber Uns&quot;\" \/>\n<meta property=\"og:url\" content=\"https:\/\/licornia.ch\/?page_id=19\" \/>\n<meta property=\"og:site_name\" content=\"Licornia\" \/>\n<meta property=\"article:modified_time\" content=\"2024-09-09T06:34:59+00:00\" \/>\n<meta property=\"og:image\" content=\"https:\/\/licornia.ch\/wp-content\/uploads\/2022\/08\/banner.jpg\" \/>\n\t<meta property=\"og:image:width\" content=\"1680\" \/>\n\t<meta property=\"og:image:height\" content=\"1050\" \/>\n\t<meta property=\"og:image:type\" content=\"image\/jpeg\" \/>\n<meta name=\"twitter:card\" content=\"summary_large_image\" \/>\n<meta name=\"twitter:label1\" content=\"Gesch\u00e4tzte Lesezeit\" \/>\n\t<meta name=\"twitter:data1\" content=\"2\u00a0Minuten\" \/>\n<script type=\"application\/ld+json\" class=\"yoast-schema-graph\">{\"@context\":\"https:\/\/schema.org\",\"@graph\":[{\"@type\":\"WebPage\",\"@id\":\"https:\/\/licornia.ch\/?page_id=19\",\"url\":\"https:\/\/licornia.ch\/?page_id=19\",\"name\":\"\u00dcber Uns - Licornia\",\"isPartOf\":{\"@id\":\"https:\/\/licornia.ch\/#website\"},\"primaryImageOfPage\":{\"@id\":\"https:\/\/licornia.ch\/?page_id=19#primaryimage\"},\"image\":{\"@id\":\"https:\/\/licornia.ch\/?page_id=19#primaryimage\"},\"thumbnailUrl\":\"https:\/\/licornia.ch\/wp-content\/uploads\/2022\/08\/banner.jpg\",\"datePublished\":\"2022-08-07T13:35:57+00:00\",\"dateModified\":\"2024-09-09T06:34:59+00:00\",\"breadcrumb\":{\"@id\":\"https:\/\/licornia.ch\/?page_id=19#breadcrumb\"},\"inLanguage\":\"de-CH\",\"potentialAction\":[{\"@type\":\"ReadAction\",\"target\":[\"https:\/\/licornia.ch\/?page_id=19\"]}]},{\"@type\":\"ImageObject\",\"inLanguage\":\"de-CH\",\"@id\":\"https:\/\/licornia.ch\/?page_id=19#primaryimage\",\"url\":\"https:\/\/licornia.ch\/wp-content\/uploads\/2022\/08\/banner.jpg\",\"contentUrl\":\"https:\/\/licornia.ch\/wp-content\/uploads\/2022\/08\/banner.jpg\",\"width\":1680,\"height\":1050},{\"@type\":\"BreadcrumbList\",\"@id\":\"https:\/\/licornia.ch\/?page_id=19#breadcrumb\",\"itemListElement\":[{\"@type\":\"ListItem\",\"position\":1,\"name\":\"Home\",\"item\":\"https:\/\/licornia.ch\/\"},{\"@type\":\"ListItem\",\"position\":2,\"name\":\"\u00dcber Uns\"}]},{\"@type\":\"WebSite\",\"@id\":\"https:\/\/licornia.ch\/#website\",\"url\":\"https:\/\/licornia.ch\/\",\"name\":\"Licornia\",\"description\":\"Alea iacta est!\",\"publisher\":{\"@id\":\"https:\/\/licornia.ch\/#organization\"},\"potentialAction\":[{\"@type\":\"SearchAction\",\"target\":{\"@type\":\"EntryPoint\",\"urlTemplate\":\"https:\/\/licornia.ch\/?s={search_term_string}\"},\"query-input\":{\"@type\":\"PropertyValueSpecification\",\"valueRequired\":true,\"valueName\":\"search_term_string\"}}],\"inLanguage\":\"de-CH\"},{\"@type\":\"Organization\",\"@id\":\"https:\/\/licornia.ch\/#organization\",\"name\":\"Licornia\",\"url\":\"https:\/\/licornia.ch\/\",\"logo\":{\"@type\":\"ImageObject\",\"inLanguage\":\"de-CH\",\"@id\":\"https:\/\/licornia.ch\/#\/schema\/logo\/image\/\",\"url\":\"https:\/\/licornia.ch\/wp-content\/uploads\/2022\/08\/logo.png\",\"contentUrl\":\"https:\/\/licornia.ch\/wp-content\/uploads\/2022\/08\/logo.png\",\"width\":44,\"height\":42,\"caption\":\"Licornia\"},\"image\":{\"@id\":\"https:\/\/licornia.ch\/#\/schema\/logo\/image\/\"}}]}<\/script>\n<!-- \/ Yoast SEO plugin. -->","yoast_head_json":{"title":"\u00dcber Uns - Licornia","robots":{"index":"index","follow":"follow","max-snippet":"max-snippet:-1","max-image-preview":"max-image-preview:large","max-video-preview":"max-video-preview:-1"},"canonical":"https:\/\/licornia.ch\/?page_id=19","og_locale":"de_DE","og_type":"article","og_title":"\u00dcber Uns - Licornia","og_description":"M\u00c4DCHEN Pr\u00e4sidium Giada Cimino v\/o Destinyaktivitas@licornia.chContra-Pr\u00e4sidium Elena Andronic v\/o Acta Kassierin Valentina Mettler v\/o Toja Fuxmajorin No\u00eblle Stutz v\/o Ivy Cantusmagistra Alina St\u00e4heli v\/o Fia Aktuarin Gemma Fopp v\/o Nevena Timea Keller v\/o Dash Malin Zatti v\/o Lyra FUXEN Hanna Lorenz v\/o D\u00fanaIsabelle Seiler v\/o CheaJoanna Albinska v\/o ChinookJulia Thalmann v\/o TyuriAnnik Siegenthaler v\/o TukiTanja &hellip; Read more \"\u00dcber Uns\"","og_url":"https:\/\/licornia.ch\/?page_id=19","og_site_name":"Licornia","article_modified_time":"2024-09-09T06:34:59+00:00","og_image":[{"width":1680,"height":1050,"url":"https:\/\/licornia.ch\/wp-content\/uploads\/2022\/08\/banner.jpg","type":"image\/jpeg"}],"twitter_card":"summary_large_image","twitter_misc":{"Gesch\u00e4tzte Lesezeit":"2\u00a0Minuten"},"schema":{"@context":"https:\/\/schema.org","@graph":[{"@type":"WebPage","@id":"https:\/\/licornia.ch\/?page_id=19","url":"https:\/\/licornia.ch\/?page_id=19","name":"\u00dcber Uns - Licornia","isPartOf":{"@id":"https:\/\/licornia.ch\/#website"},"primaryImageOfPage":{"@id":"https:\/\/licornia.ch\/?page_id=19#primaryimage"},"image":{"@id":"https:\/\/licornia.ch\/?page_id=19#primaryimage"},"thumbnailUrl":"https:\/\/licornia.ch\/wp-content\/uploads\/2022\/08\/banner.jpg","datePublished":"2022-08-07T13:35:57+00:00","dateModified":"2024-09-09T06:34:59+00:00","breadcrumb":{"@id":"https:\/\/licornia.ch\/?page_id=19#breadcrumb"},"inLanguage":"de-CH","potentialAction":[{"@type":"ReadAction","target":["https:\/\/licornia.ch\/?page_id=19"]}]},{"@type":"ImageObject","inLanguage":"de-CH","@id":"https:\/\/licornia.ch\/?page_id=19#primaryimage","url":"https:\/\/licornia.ch\/wp-content\/uploads\/2022\/08\/banner.jpg","contentUrl":"https:\/\/licornia.ch\/wp-content\/uploads\/2022\/08\/banner.jpg","width":1680,"height":1050},{"@type":"BreadcrumbList","@id":"https:\/\/licornia.ch\/?page_id=19#breadcrumb","itemListElement":[{"@type":"ListItem","position":1,"name":"Home","item":"https:\/\/licornia.ch\/"},{"@type":"ListItem","position":2,"name":"\u00dcber Uns"}]},{"@type":"WebSite","@id":"https:\/\/licornia.ch\/#website","url":"https:\/\/licornia.ch\/","name":"Licornia","description":"Alea iacta est!","publisher":{"@id":"https:\/\/licornia.ch\/#organization"},"potentialAction":[{"@type":"SearchAction","target":{"@type":"EntryPoint","urlTemplate":"https:\/\/licornia.ch\/?s={search_term_string}"},"query-input":{"@type":"PropertyValueSpecification","valueRequired":true,"valueName":"search_term_string"}}],"inLanguage":"de-CH"},{"@type":"Organization","@id":"https:\/\/licornia.ch\/#organization","name":"Licornia","url":"https:\/\/licornia.ch\/","logo":{"@type":"ImageObject","inLanguage":"de-CH","@id":"https:\/\/licornia.ch\/#\/schema\/logo\/image\/","url":"https:\/\/licornia.ch\/wp-content\/uploads\/2022\/08\/logo.png","contentUrl":"https:\/\/licornia.ch\/wp-content\/uploads\/2022\/08\/logo.png","width":44,"height":42,"caption":"Licornia"},"image":{"@id":"https:\/\/licornia.ch\/#\/schema\/logo\/image\/"}}]}},"featured_media_urls":{"thumbnail":["https:\/\/licornia.ch\/wp-content\/uploads\/2022\/08\/banner-150x150.jpg",150,150,true],"medium":["https:\/\/licornia.ch\/wp-content\/uploads\/2022\/08\/banner-300x188.jpg",300,188,true],"medium_large":["https:\/\/licornia.ch\/wp-content\/uploads\/2022\/08\/banner-768x480.jpg",768,480,true],"large":["https:\/\/licornia.ch\/wp-content\/uploads\/2022\/08\/banner-1024x640.jpg",950,594,true],"1536x1536":["https:\/\/licornia.ch\/wp-content\/uploads\/2022\/08\/banner-1536x960.jpg",1536,960,true],"2048x2048":["https:\/\/licornia.ch\/wp-content\/uploads\/2022\/08\/banner.jpg",1680,1050,false],"inspiro-featured-image":["https:\/\/licornia.ch\/wp-content\/uploads\/2022\/08\/banner.jpg",1680,1050,false],"inspiro-loop":["https:\/\/licornia.ch\/wp-content\/uploads\/2022\/08\/banner-950x320.jpg",950,320,true],"inspiro-loop@2x":["https:\/\/licornia.ch\/wp-content\/uploads\/2022\/08\/banner-1680x640.jpg",1680,640,true],"portfolio_item-thumbnail":["https:\/\/licornia.ch\/wp-content\/uploads\/2022\/08\/banner-600x400.jpg",600,400,true],"portfolio_item-thumbnail@2x":["https:\/\/licornia.ch\/wp-content\/uploads\/2022\/08\/banner-1200x800.jpg",1200,800,true],"portfolio_item-masonry":["https:\/\/licornia.ch\/wp-content\/uploads\/2022\/08\/banner-600x375.jpg",600,375,true],"portfolio_item-masonry@2x":["https:\/\/licornia.ch\/wp-content\/uploads\/2022\/08\/banner-1200x750.jpg",1200,750,true],"portfolio_item-thumbnail_cinema":["https:\/\/licornia.ch\/wp-content\/uploads\/2022\/08\/banner-800x335.jpg",800,335,true],"portfolio_item-thumbnail_portrait":["https:\/\/licornia.ch\/wp-content\/uploads\/2022\/08\/banner-600x900.jpg",600,900,true],"portfolio_item-thumbnail_portrait@2x":["https:\/\/licornia.ch\/wp-content\/uploads\/2022\/08\/banner-1200x1050.jpg",1200,1050,true],"portfolio_item-thumbnail_square":["https:\/\/licornia.ch\/wp-content\/uploads\/2022\/08\/banner-800x800.jpg",800,800,true]},"_links":{"self":[{"href":"https:\/\/licornia.ch\/index.php?rest_route=\/wp\/v2\/pages\/19","targetHints":{"allow":["GET"]}}],"collection":[{"href":"https:\/\/licornia.ch\/index.php?rest_route=\/wp\/v2\/pages"}],"about":[{"href":"https:\/\/licornia.ch\/index.php?rest_route=\/wp\/v2\/types\/page"}],"author":[{"embeddable":true,"href":"https:\/\/licornia.ch\/index.php?rest_route=\/wp\/v2\/users\/1"}],"replies":[{"embeddable":true,"href":"https:\/\/licornia.ch\/index.php?rest_route=%2Fwp%2Fv2%2Fcomments&post=19"}],"version-history":[{"count":42,"href":"https:\/\/licornia.ch\/index.php?rest_route=\/wp\/v2\/pages\/19\/revisions"}],"predecessor-version":[{"id":366,"href":"https:\/\/licornia.ch\/index.php?rest_route=\/wp\/v2\/pages\/19\/revisions\/366"}],"wp:featuredmedia":[{"embeddable":true,"href":"https:\/\/licornia.ch\/index.php?rest_route=\/wp\/v2\/media\/75"}],"wp:attachment":[{"href":"https:\/\/licornia.ch\/index.php?rest_route=%2Fwp%2Fv2%2Fmedia&parent=19"}],"curies":[{"name":"wp","href":"https:\/\/api.w.org\/{rel}","templated":true}]}}